{"id":1396,"date":"2025-12-16T18:53:09","date_gmt":"2025-12-16T18:53:09","guid":{"rendered":"https:\/\/lightbimconsultantstudio.es\/ficha-recurso\/"},"modified":"2026-01-19T14:56:57","modified_gmt":"2026-01-19T14:56:57","slug":"ficha-recurso","status":"publish","type":"page","link":"https:\/\/lightbimconsultantstudio.es\/en\/ficha-recurso\/","title":{"rendered":"Ficha Recurso"},"content":{"rendered":"<p>[et_pb_section fb_built=&#8221;1&#8243; _builder_version=&#8221;4.27.5&#8243; _module_preset=&#8221;default&#8221; custom_padding=&#8221;38px|||||&#8221; global_colors_info=&#8221;{}&#8221;][et_pb_row column_structure=&#8221;1_2,1_2&#8243; _builder_version=&#8221;4.27.5&#8243; _module_preset=&#8221;default&#8221; width=&#8221;100%&#8221; max_width=&#8221;90%&#8221; global_colors_info=&#8221;{}&#8221;][et_pb_column type=&#8221;1_2&#8243; _builder_version=&#8221;4.27.5&#8243; _module_preset=&#8221;default&#8221; global_colors_info=&#8221;{}&#8221;][et_pb_image src=&#8221;https:\/\/lightbimconsultantstudio.es\/wp-content\/uploads\/2025\/12\/Ficha-Producto-LightBIM-Consultant.png&#8221; alt=&#8221;Ficha Proyecto VTR LightBIM Consultant&#8221; title_text=&#8221;LightBIM Consultant Product Sheet&#8221; align=&#8221;center&#8221; _builder_version=&#8221;4.27.5&#8243; _module_preset=&#8221;default&#8221; width=&#8221;100%&#8221; max_width=&#8221;100%&#8221; global_colors_info=&#8221;{}&#8221;][\/et_pb_image][\/et_pb_column][et_pb_column type=&#8221;1_2&#8243; _builder_version=&#8221;4.27.5&#8243; _module_preset=&#8221;default&#8221; global_colors_info=&#8221;{}&#8221;][et_pb_text _builder_version=&#8221;4.27.5&#8243; _module_preset=&#8221;default&#8221; text_font=&#8221;Epilogue|600|||||||&#8221; text_text_color=&#8221;#1b1d1a&#8221; text_font_size=&#8221;55px&#8221; text_line_height=&#8221;1.2em&#8221; custom_margin=&#8221;||35px|||&#8221; hover_enabled=&#8221;0&#8243; text_line_height_tablet=&#8221;1.2em&#8221; text_line_height_phone=&#8221;1.2em&#8221; text_line_height_last_edited=&#8221;on|tablet&#8221; global_colors_info=&#8221;{}&#8221; text_font_size_last_edited=&#8221;on|tablet&#8221; sticky_enabled=&#8221;0&#8243; text_font_size_tablet=&#8221;40px&#8221; text_font_size_phone=&#8221;40px&#8221;]<\/p>\n<p>Plantilla BEP b\u00e1sica<\/p>\n<p>[\/et_pb_text][et_pb_text _builder_version=&#8221;4.27.5&#8243; _module_preset=&#8221;default&#8221; text_font=&#8221;Epilogue|500|||||||&#8221; text_text_color=&#8221;#000000&#8243; text_font_size=&#8221;19px&#8221; text_line_height=&#8221;1.3em&#8221; custom_margin=&#8221;||61px|||&#8221; hover_enabled=&#8221;0&#8243; global_colors_info=&#8221;{}&#8221; text_font_size_last_edited=&#8221;on|tablet&#8221; text_font_size_tablet=&#8221;17px&#8221; sticky_enabled=&#8221;0&#8243; text_font_size_phone=&#8221;17px&#8221;]<\/p>\n<p>La forma m\u00e1s clara y sencilla de empezar a estructurar tu proyecto BIM.<\/p>\n<p>[\/et_pb_text][et_pb_text _builder_version=&#8221;4.27.5&#8243; _module_preset=&#8221;default&#8221; text_font=&#8221;Epilogue|500|||||||&#8221; text_text_color=&#8221;#000000&#8243; text_font_size=&#8221;19px&#8221; text_line_height=&#8221;1.3em&#8221; custom_margin=&#8221;||23px|||&#8221; hover_enabled=&#8221;0&#8243; global_colors_info=&#8221;{}&#8221; text_font_size_last_edited=&#8221;on|tablet&#8221; text_font_size_tablet=&#8221;17px&#8221; sticky_enabled=&#8221;0&#8243; text_font_size_phone=&#8221;17px&#8221;]<\/p>\n<p>Nivel: B\u00e1sico Intermedio<\/p>\n<p>[\/et_pb_text][et_pb_divider color=&#8221;#FF3F1A&#8221; _builder_version=&#8221;4.27.5&#8243; _module_preset=&#8221;default&#8221; custom_margin=&#8221;||-1px|||&#8221; global_colors_info=&#8221;{}&#8221;][\/et_pb_divider][et_pb_text _builder_version=&#8221;4.27.5&#8243; _module_preset=&#8221;default&#8221; text_font=&#8221;Epilogue|500|||||||&#8221; text_text_color=&#8221;#000000&#8243; text_font_size=&#8221;19px&#8221; text_line_height=&#8221;1.3em&#8221; custom_margin=&#8221;||23px|||&#8221; global_colors_info=&#8221;{}&#8221; text_font_size_tablet=&#8221;17px&#8221; text_font_size_last_edited=&#8221;on|tablet&#8221; text_font_size_phone=&#8221;17px&#8221;]Categor\u00eda: BIM \u00b7 ISO 19650 \u00b7 Gesti\u00f3n[\/et_pb_text][et_pb_divider color=&#8221;#FF3F1A&#8221; _builder_version=&#8221;4.27.5&#8243; _module_preset=&#8221;default&#8221; custom_margin=&#8221;||-1px|||&#8221; global_colors_info=&#8221;{}&#8221;][\/et_pb_divider][et_pb_text _builder_version=&#8221;4.27.5&#8243; _module_preset=&#8221;default&#8221; text_font=&#8221;Epilogue|500|||||||&#8221; text_text_color=&#8221;#000000&#8243; text_font_size=&#8221;19px&#8221; text_line_height=&#8221;1.3em&#8221; custom_margin=&#8221;||23px|||&#8221; global_colors_info=&#8221;{}&#8221; text_font_size_tablet=&#8221;17px&#8221; text_font_size_last_edited=&#8221;on|tablet&#8221; text_font_size_phone=&#8221;17px&#8221;]Tama\u00f1o: 9-12 p\u00e1ginas[\/et_pb_text][et_pb_divider color=&#8221;#FF3F1A&#8221; _builder_version=&#8221;4.27.5&#8243; _module_preset=&#8221;default&#8221; custom_margin=&#8221;||-1px|||&#8221; global_colors_info=&#8221;{}&#8221;][\/et_pb_divider][et_pb_text _builder_version=&#8221;4.27.5&#8243; _module_preset=&#8221;default&#8221; text_font=&#8221;Epilogue|500|||||||&#8221; text_text_color=&#8221;#000000&#8243; text_font_size=&#8221;19px&#8221; text_line_height=&#8221;1.3em&#8221; custom_margin=&#8221;||23px|||&#8221; global_colors_info=&#8221;{}&#8221; text_font_size_tablet=&#8221;17px&#8221; text_font_size_last_edited=&#8221;on|tablet&#8221; text_font_size_phone=&#8221;17px&#8221;]Gratis[\/et_pb_text][et_pb_divider color=&#8221;#FF3F1A&#8221; _builder_version=&#8221;4.27.5&#8243; _module_preset=&#8221;default&#8221; custom_margin=&#8221;||-1px|||&#8221; global_colors_info=&#8221;{}&#8221;][\/et_pb_divider][et_pb_contact_form captcha=&#8221;off&#8221; submit_button_text=&#8221;Download&#8221; _builder_version=&#8221;4.27.5&#8243; _module_preset=&#8221;default&#8221; _unique_id=&#8221;c286e218-bff2-4e0a-ae16-050ed6c575c6&#8243; form_field_background_color=&#8221;#ECECEC&#8221; form_field_text_color=&#8221;#1B1D1A&#8221; form_field_focus_background_color=&#8221;#ECECEC&#8221; form_field_focus_text_color=&#8221;#1B1D1A&#8221; form_field_font=&#8221;Epilogue||||||||&#8221; form_field_font_size=&#8221;18px&#8221; custom_button=&#8221;on&#8221; button_text_color=&#8221;#FFFFFF&#8221; button_bg_color=&#8221;#FF3F1A&#8221; button_border_radius=&#8221;60px&#8221; button_font=&#8221;Epilogue||||||||&#8221; button_use_icon=&#8221;off&#8221; button_custom_padding=&#8221;|50px||50px|false|true&#8221; custom_padding=&#8221;||||false|false&#8221; border_radii=&#8221;on|60px|60px|60px|60px&#8221; global_colors_info=&#8221;{}&#8221;][et_pb_contact_field field_id=&#8221;Email&#8221; field_title=&#8221;Email&#8221; field_type=&#8221;email&#8221; fullwidth_field=&#8221;on&#8221; _builder_version=&#8221;4.27.5&#8243; global_colors_info=&#8221;{}&#8221; button_text_size__hover_enabled=&#8221;off&#8221; button_one_text_size__hover_enabled=&#8221;off&#8221; button_two_text_size__hover_enabled=&#8221;off&#8221; button_text_color__hover_enabled=&#8221;off&#8221; button_one_text_color__hover_enabled=&#8221;off&#8221; button_two_text_color__hover_enabled=&#8221;off&#8221; button_border_width__hover_enabled=&#8221;off&#8221; button_one_border_width__hover_enabled=&#8221;off&#8221; button_two_border_width__hover_enabled=&#8221;off&#8221; button_border_color__hover_enabled=&#8221;off&#8221; button_one_border_color__hover_enabled=&#8221;off&#8221; button_two_border_color__hover_enabled=&#8221;off&#8221; button_border_radius__hover_enabled=&#8221;off&#8221; button_one_border_radius__hover_enabled=&#8221;off&#8221; button_two_border_radius__hover_enabled=&#8221;off&#8221; button_letter_spacing__hover_enabled=&#8221;off&#8221; button_one_letter_spacing__hover_enabled=&#8221;off&#8221; button_two_letter_spacing__hover_enabled=&#8221;off&#8221; button_bg_color__hover_enabled=&#8221;off&#8221; button_one_bg_color__hover_enabled=&#8221;off&#8221; button_two_bg_color__hover_enabled=&#8221;off&#8221;][\/et_pb_contact_field][\/et_pb_contact_form][\/et_pb_column][\/et_pb_row][\/et_pb_section][et_pb_section fb_built=&#8221;1&#8243; _builder_version=&#8221;4.27.5&#8243; _module_preset=&#8221;default&#8221; custom_padding=&#8221;||9px|||&#8221; global_colors_info=&#8221;{}&#8221;][et_pb_row _builder_version=&#8221;4.27.5&#8243; _module_preset=&#8221;default&#8221; width=&#8221;100%&#8221; max_width=&#8221;90%&#8221; locked=&#8221;off&#8221; global_colors_info=&#8221;{}&#8221;][et_pb_column type=&#8221;4_4&#8243; _builder_version=&#8221;4.27.5&#8243; _module_preset=&#8221;default&#8221; global_colors_info=&#8221;{}&#8221;][et_pb_divider color=&#8221;#1B1D1A&#8221; _builder_version=&#8221;4.27.5&#8243; _module_preset=&#8221;default&#8221; custom_margin=&#8221;||31px||false|false&#8221; global_colors_info=&#8221;{}&#8221;][\/et_pb_divider][et_pb_text _builder_version=&#8221;4.27.5&#8243; _module_preset=&#8221;default&#8221; text_font=&#8221;Epilogue|600|||||||&#8221; text_text_color=&#8221;#1b1d1a&#8221; text_font_size=&#8221;55px&#8221; custom_margin=&#8221;||35px|||&#8221; hover_enabled=&#8221;0&#8243; text_line_height_tablet=&#8221;1.2em&#8221; text_line_height_phone=&#8221;1.2em&#8221; text_line_height_last_edited=&#8221;on|tablet&#8221; global_colors_info=&#8221;{}&#8221; text_font_size_last_edited=&#8221;on|tablet&#8221; text_font_size_tablet=&#8221;40px&#8221; sticky_enabled=&#8221;0&#8243; text_font_size_phone=&#8221;40px&#8221;]<\/p>\n<p>\u00bfQu\u00e9 es esta plantilla?<\/p>\n<p>[\/et_pb_text][et_pb_text _builder_version=&#8221;4.27.5&#8243; _module_preset=&#8221;default&#8221; text_font=&#8221;Epilogue||||||||&#8221; text_text_color=&#8221;#000000&#8243; text_font_size=&#8221;19px&#8221; text_line_height=&#8221;1.3em&#8221; hover_enabled=&#8221;0&#8243; global_colors_info=&#8221;{}&#8221; text_font_size_last_edited=&#8221;on|desktop&#8221; text_font_size_tablet=&#8221;17px&#8221; sticky_enabled=&#8221;0&#8243; text_font_size_phone=&#8221;17px&#8221;]<\/p>\n<p>La Plantilla BEP b\u00e1sica de LightBIM es un documento claro, pr\u00e1ctico y f\u00e1cil de adaptar que te permite estructurar tu proyecto BIM desde el primer d\u00eda.<\/p>\n<p>Incluye los apartados esenciales para definir roles, responsabilidades, entregables, flujos de trabajo y reglas de modelado sin entrar en tecnicismos innecesarios.<\/p>\n<p>Est\u00e1 pensada para equipos que necesitan orden, claridad y un punto de partida realista, alineado con la ISO 19650 pero explicado de forma comprensible<\/p>\n<p>[\/et_pb_text][\/et_pb_column][\/et_pb_row][et_pb_row _builder_version=&#8221;4.27.5&#8243; _module_preset=&#8221;default&#8221; width=&#8221;100%&#8221; max_width=&#8221;90%&#8221; locked=&#8221;off&#8221; global_colors_info=&#8221;{}&#8221;][et_pb_column type=&#8221;4_4&#8243; _builder_version=&#8221;4.27.5&#8243; _module_preset=&#8221;default&#8221; global_colors_info=&#8221;{}&#8221;][et_pb_divider color=&#8221;#1B1D1A&#8221; _builder_version=&#8221;4.27.5&#8243; _module_preset=&#8221;default&#8221; custom_margin=&#8221;||31px||false|false&#8221; global_colors_info=&#8221;{}&#8221;][\/et_pb_divider][et_pb_text _builder_version=&#8221;4.27.5&#8243; _module_preset=&#8221;default&#8221; text_font=&#8221;Epilogue|600|||||||&#8221; text_text_color=&#8221;#1b1d1a&#8221; text_font_size=&#8221;55px&#8221; custom_margin=&#8221;||35px|||&#8221; text_line_height_tablet=&#8221;1.2em&#8221; text_line_height_phone=&#8221;1.2em&#8221; text_line_height_last_edited=&#8221;on|tablet&#8221; global_colors_info=&#8221;{}&#8221; text_font_size_tablet=&#8221;40px&#8221; text_font_size_last_edited=&#8221;on|tablet&#8221; text_font_size_phone=&#8221;40px&#8221;]Para qui\u00e9n es este recurso[\/et_pb_text][et_pb_text _builder_version=&#8221;4.27.5&#8243; _module_preset=&#8221;default&#8221; text_font=&#8221;Epilogue||||||||&#8221; text_text_color=&#8221;#000000&#8243; text_font_size=&#8221;19px&#8221; text_line_height=&#8221;1.3em&#8221; global_colors_info=&#8221;{}&#8221; text_font_size_tablet=&#8221;17px&#8221; text_font_size_last_edited=&#8221;on|desktop&#8221; text_font_size_phone=&#8221;17px&#8221;]<\/p>\n<p>Esta plantilla es ideal para:<\/p>\n<ul>\n<li>Estudios que empiezan con BIM y necesitan un BEP simple pero \u00fatil.<\/li>\n<li>Equipos que quieren unificar la forma de trabajar.<\/li>\n<li>Coordinadores que buscan documentaci\u00f3n clara para proyectos peque\u00f1os\/medianos.<\/li>\n<li>Empresas que quieren introducir la ISO 19650 de forma progresiva.<\/li>\n<li>T\u00e9cnicos que necesitan una referencia editable para sus propios proyectos.<\/li>\n<\/ul>\n<p>[\/et_pb_text][\/et_pb_column][\/et_pb_row][et_pb_row _builder_version=&#8221;4.27.5&#8243; _module_preset=&#8221;default&#8221; width=&#8221;100%&#8221; max_width=&#8221;90%&#8221; custom_padding=&#8221;||0px|||&#8221; locked=&#8221;off&#8221; global_colors_info=&#8221;{}&#8221;][et_pb_column type=&#8221;4_4&#8243; _builder_version=&#8221;4.27.5&#8243; _module_preset=&#8221;default&#8221; global_colors_info=&#8221;{}&#8221;][et_pb_divider color=&#8221;#1B1D1A&#8221; _builder_version=&#8221;4.27.5&#8243; _module_preset=&#8221;default&#8221; custom_margin=&#8221;||31px||false|false&#8221; global_colors_info=&#8221;{}&#8221;][\/et_pb_divider][et_pb_text _builder_version=&#8221;4.27.5&#8243; _module_preset=&#8221;default&#8221; text_font=&#8221;Epilogue|600|||||||&#8221; text_text_color=&#8221;#1b1d1a&#8221; text_font_size=&#8221;55px&#8221; custom_margin=&#8221;||35px|||&#8221; text_line_height_tablet=&#8221;1.2em&#8221; text_line_height_phone=&#8221;1.2em&#8221; text_line_height_last_edited=&#8221;on|tablet&#8221; global_colors_info=&#8221;{}&#8221; text_font_size_tablet=&#8221;40px&#8221; text_font_size_last_edited=&#8221;on|tablet&#8221; text_font_size_phone=&#8221;40px&#8221;]Para qui\u00e9n es este recurso[\/et_pb_text][\/et_pb_column][\/et_pb_row][et_pb_row column_structure=&#8221;1_2,1_2&#8243; _builder_version=&#8221;4.27.5&#8243; _module_preset=&#8221;default&#8221; width=&#8221;100%&#8221; max_width=&#8221;90%&#8221; global_colors_info=&#8221;{}&#8221;][et_pb_column type=&#8221;1_2&#8243; _builder_version=&#8221;4.27.5&#8243; _module_preset=&#8221;default&#8221; global_colors_info=&#8221;{}&#8221;][et_pb_text _builder_version=&#8221;4.27.5&#8243; _module_preset=&#8221;default&#8221; text_font=&#8221;Epilogue||||||||&#8221; text_text_color=&#8221;#000000&#8243; text_font_size=&#8221;19px&#8221; text_line_height=&#8221;1.3em&#8221; global_colors_info=&#8221;{}&#8221; text_font_size_tablet=&#8221;17px&#8221; text_font_size_last_edited=&#8221;on|desktop&#8221; text_font_size_phone=&#8221;17px&#8221;]<\/p>\n<p><strong>La plantilla contiene:<\/strong><\/p>\n<ul>\n<li>Portada editable<\/li>\n<li>Introducci\u00f3n y alcance del proyecto<\/li>\n<li>Roles y responsabilidades (matriz editable)<\/li>\n<li>Modelos e informaci\u00f3n requerida<\/li>\n<li>Sistema de nomenclaturas<\/li>\n<li>Estructura del modelo (niveles, fases, disciplinas)<\/li>\n<li>LOD \/ LOI b\u00e1sicos<\/li>\n<li>Flujos de trabajo<\/li>\n<li>Reglas de intercambio de archivos<\/li>\n<li>Proceso de revisi\u00f3n y aprobaci\u00f3n<\/li>\n<li>Control documental (CDE b\u00e1sico)<\/li>\n<li>Calendario general (plantilla editable)<\/li>\n<\/ul>\n<p>[\/et_pb_text][\/et_pb_column][et_pb_column type=&#8221;1_2&#8243; _builder_version=&#8221;4.27.5&#8243; _module_preset=&#8221;default&#8221; global_colors_info=&#8221;{}&#8221;][et_pb_text _builder_version=&#8221;4.27.5&#8243; _module_preset=&#8221;default&#8221; text_font=&#8221;Epilogue||||||||&#8221; text_text_color=&#8221;#000000&#8243; text_font_size=&#8221;19px&#8221; text_line_height=&#8221;1.3em&#8221; global_colors_info=&#8221;{}&#8221; text_font_size_tablet=&#8221;17px&#8221; text_font_size_last_edited=&#8221;on|desktop&#8221; text_font_size_phone=&#8221;17px&#8221;]<\/p>\n<p><strong>Extras incluidos:<\/strong><\/p>\n<ul>\n<li>Notas de ayuda para completar cada apartado<\/li>\n<li>Campos editables marcados claramente<\/li>\n<li>Mini gu\u00eda de \u201cc\u00f3mo empezar tu primer BEP\u201d<\/li>\n<\/ul>\n<p>[\/et_pb_text][\/et_pb_column][\/et_pb_row][\/et_pb_section][et_pb_section fb_built=&#8221;1&#8243; _builder_version=&#8221;4.27.5&#8243; _module_preset=&#8221;default&#8221; background_color=&#8221;#44797F&#8221; custom_margin=&#8221;|25px|25px|25px|false|true&#8221; custom_padding=&#8221;49px||49px||true|false&#8221; border_radii=&#8221;on|60px|60px|60px|60px&#8221; global_colors_info=&#8221;{}&#8221; locked=&#8221;off&#8221;][et_pb_row _builder_version=&#8221;4.27.5&#8243; _module_preset=&#8221;default&#8221; custom_padding=&#8221;|||0px||&#8221; locked=&#8221;off&#8221; global_colors_info=&#8221;{}&#8221; max_width__hover_enabled=&#8221;off|desktop&#8221;][et_pb_column type=&#8221;4_4&#8243; _builder_version=&#8221;4.27.5&#8243; _module_preset=&#8221;default&#8221; global_colors_info=&#8221;{}&#8221;][et_pb_text _builder_version=&#8221;4.27.5&#8243; _module_preset=&#8221;default&#8221; text_font=&#8221;Epilogue|600|||||||&#8221; text_text_color=&#8221;#FFFFFF&#8221; text_font_size=&#8221;55px&#8221; text_line_height=&#8221;1.2em&#8221; text_orientation=&#8221;center&#8221; custom_margin=&#8221;||15px|||&#8221; text_font_size_tablet=&#8221;40px&#8221; text_font_size_phone=&#8221;40px&#8221; text_font_size_last_edited=&#8221;on|tablet&#8221; text_line_height_tablet=&#8221;1.2em&#8221; text_line_height_phone=&#8221;1.2em&#8221; text_line_height_last_edited=&#8221;on|tablet&#8221; global_colors_info=&#8221;{}&#8221;]<\/p>\n<p>\u00bfQuieres recibir nuevos recursos antes que nadie?<\/p>\n<p>[\/et_pb_text][et_pb_text _builder_version=&#8221;4.27.5&#8243; _module_preset=&#8221;default&#8221; text_font=&#8221;Epilogue|500|||||||&#8221; text_text_color=&#8221;#FFFFFF&#8221; text_font_size=&#8221;19px&#8221; text_line_height=&#8221;1.3em&#8221; text_orientation=&#8221;center&#8221; text_font_size_tablet=&#8221;17px&#8221; text_font_size_phone=&#8221;17px&#8221; text_font_size_last_edited=&#8221;on|tablet&#8221; global_colors_info=&#8221;{}&#8221;]<\/p>\n<p>Cada mes compartimos nuevos descargables, buenas pr\u00e1cticas y mini-tutoriales.<\/p>\n<p>[\/et_pb_text][\/et_pb_column][\/et_pb_row][et_pb_row _builder_version=&#8221;4.27.5&#8243; _module_preset=&#8221;default&#8221; global_colors_info=&#8221;{}&#8221;][et_pb_column type=&#8221;4_4&#8243; _builder_version=&#8221;4.27.5&#8243; _module_preset=&#8221;default&#8221; global_colors_info=&#8221;{}&#8221;][et_pb_signup name_field=&#8221;on&#8221; button_text=&#8221;Join Free&#8221; _builder_version=&#8221;4.27.5&#8243; _module_preset=&#8221;default&#8221; form_field_background_color=&#8221;#FFFFFF&#8221; form_field_text_color=&#8221;#1B1D1A&#8221; form_field_focus_background_color=&#8221;#FFFFFF&#8221; form_field_focus_text_color=&#8221;#1B1D1A&#8221; form_field_font=&#8221;Epilogue||||||||&#8221; background_enable_color=&#8221;off&#8221; custom_button=&#8221;on&#8221; button_text_size=&#8221;18px&#8221; button_text_color=&#8221;#FFFFFF&#8221; button_bg_color=&#8221;#ff3f1a&#8221; button_border_width=&#8221;0px&#8221; button_border_radius=&#8221;60px&#8221; button_font=&#8221;Epilogue||||||||&#8221; button_icon=&#8221;&#x24;||divi||400&#8243; button_icon_color=&#8221;#FFFFFF&#8221; button_on_hover=&#8221;off&#8221; border_radii_fields=&#8221;on|60px|60px|60px|60px&#8221; global_colors_info=&#8221;{}&#8221;][\/et_pb_signup][\/et_pb_column][\/et_pb_row][\/et_pb_section]<\/p>\n","protected":false},"excerpt":{"rendered":"<p>Plantilla BEP b\u00e1sicaLa forma m\u00e1s clara y sencilla de empezar a estructurar tu proyecto BIM.Nivel: B\u00e1sico IntermedioCategor\u00eda: BIM \u00b7 ISO 19650 \u00b7 Gesti\u00f3nTama\u00f1o: 9-12 p\u00e1ginasGratis\u00bfQu\u00e9 es esta plantilla?La Plantilla BEP b\u00e1sica de LightBIM es un documento claro, pr\u00e1ctico y f\u00e1cil de adaptar que te permite estructurar tu proyecto BIM desde el primer d\u00eda. Incluye los [&hellip;]<\/p>\n","protected":false},"author":1,"featured_media":0,"parent":0,"menu_order":0,"comment_status":"closed","ping_status":"closed","template":"","meta":{"_et_pb_use_builder":"on","_et_pb_old_content":"","_et_gb_content_width":"","_crdt_document":"","inline_featured_image":false,"footnotes":""},"wf_page_folders":[24],"class_list":["post-1396","page","type-page","status-publish","hentry"],"_links":{"self":[{"href":"https:\/\/lightbimconsultantstudio.es\/en\/wp-json\/wp\/v2\/pages\/1396","targetHints":{"allow":["GET"]}}],"collection":[{"href":"https:\/\/lightbimconsultantstudio.es\/en\/wp-json\/wp\/v2\/pages"}],"about":[{"href":"https:\/\/lightbimconsultantstudio.es\/en\/wp-json\/wp\/v2\/types\/page"}],"author":[{"embeddable":true,"href":"https:\/\/lightbimconsultantstudio.es\/en\/wp-json\/wp\/v2\/users\/1"}],"replies":[{"embeddable":true,"href":"https:\/\/lightbimconsultantstudio.es\/en\/wp-json\/wp\/v2\/comments?post=1396"}],"version-history":[{"count":3,"href":"https:\/\/lightbimconsultantstudio.es\/en\/wp-json\/wp\/v2\/pages\/1396\/revisions"}],"predecessor-version":[{"id":1636,"href":"https:\/\/lightbimconsultantstudio.es\/en\/wp-json\/wp\/v2\/pages\/1396\/revisions\/1636"}],"wp:attachment":[{"href":"https:\/\/lightbimconsultantstudio.es\/en\/wp-json\/wp\/v2\/media?parent=1396"}],"wp:term":[{"taxonomy":"wf_page_folders","embeddable":true,"href":"https:\/\/lightbimconsultantstudio.es\/en\/wp-json\/wp\/v2\/wf_page_folders?post=1396"}],"curies":[{"name":"wp","href":"https:\/\/api.w.org\/{rel}","templated":true}]}}